{"id":1181,"date":"2024-10-25T17:00:43","date_gmt":"2024-10-25T17:00:43","guid":{"rendered":"https:\/\/padelassistant.es\/?page_id=1181"},"modified":"2025-05-09T10:35:54","modified_gmt":"2025-05-09T10:35:54","slug":"quieres-montar-tu-club","status":"publish","type":"page","link":"https:\/\/padelassistant.es\/en\/quieres-montar-tu-club\/","title":{"rendered":"Do you want to start your own club?"},"content":{"rendered":"<div class=\"wp-block-uagb-container uagb-block-eb258599 alignfull uagb-is-root-container\"><div class=\"uagb-container-inner-blocks-wrap\">\n<div class=\"wp-block-uagb-container uagb-block-68c1938e\">\n<div class=\"wp-block-uagb-advanced-heading uagb-block-dc596ad0\"><\/div>\n<\/div>\n<\/div><\/div>\n\n\n\n<div class=\"wp-block-uagb-container uagb-block-d8pmowhu alignfull uagb-is-root-container\"><div class=\"uagb-container-inner-blocks-wrap\">\n<div class=\"wp-block-uagb-info-box uagb-block-eahcpgiu uagb-infobox__content-wrap  uagb-infobox-icon-above-title uagb-infobox-image-valign-top\"><div class=\"uagb-ifb-content\"><div class=\"uagb-ifb-title-wrap\"><h1 class=\"uagb-ifb-title\">Do you want to set up your own padel club?<\/h1><\/div><div class=\"uagb-ifb-desc\">\n<p>All this we can do for you.We can do all this for you.<\/p>\n<\/div><\/div><\/div>\n\n\n\n<div class=\"wp-block-uagb-container uagb-layout-grid uagb-block-adqvmwzb\">\n<div class=\"wp-block-uagb-container uagb-block-0bsmohko\">\n<div class=\"wp-block-uagb-info-box uagb-block-vbioh4im uagb-infobox__content-wrap  uagb-infobox-icon-above-title uagb-infobox-image-valign-top\"><div class=\"uagb-ifb-content\"><div class=\"uagb-ifb-title-wrap\"><h3 class=\"uagb-ifb-title\">Environmental feasibility plan.<\/h3><\/div><p class=\"uagb-ifb-desc\">Prepared by our architects<\/p><\/div><\/div>\n<\/div>\n\n\n\n<div class=\"wp-block-uagb-container uagb-block-nhp31oon\">\n<div class=\"wp-block-uagb-info-box uagb-block-enquwhah uagb-infobox__content-wrap  uagb-infobox-icon-above-title uagb-infobox-image-valign-top\"><div class=\"uagb-ifb-content\"><div class=\"uagb-ifb-title-wrap\"><h3 class=\"uagb-ifb-title\">Advice on space<\/h3><\/div><p class=\"uagb-ifb-desc\">Courts, changing rooms, cafeterias, children's area, etc...<\/p><\/div><\/div>\n<\/div>\n\n\n\n<div class=\"wp-block-uagb-container uagb-block-l3qyhfmd\">\n<div class=\"wp-block-uagb-info-box uagb-block-wq6ogrqg uagb-infobox__content-wrap  uagb-infobox-icon-above-title uagb-infobox-image-valign-top\"><div class=\"uagb-ifb-content\"><div class=\"uagb-ifb-title-wrap\"><h3 class=\"uagb-ifb-title\">Court suppliers at the best price<\/h3><\/div><\/div><\/div>\n<\/div>\n\n\n\n<div class=\"wp-block-uagb-container uagb-block-ffvgruby\">\n<div class=\"wp-block-uagb-info-box uagb-block-cmnelgca uagb-infobox__content-wrap  uagb-infobox-icon-above-title uagb-infobox-image-valign-top\"><div class=\"uagb-ifb-content\"><div class=\"uagb-ifb-title-wrap\"><h3 class=\"uagb-ifb-title\">Changing rooms<\/h3><\/div><\/div><\/div>\n<\/div>\n\n\n\n<div class=\"wp-block-uagb-container uagb-block-tlksjaoc\">\n<div class=\"wp-block-uagb-info-box uagb-block-jkzh6cfn uagb-infobox__content-wrap  uagb-infobox-icon-above-title uagb-infobox-image-valign-top\"><div class=\"uagb-ifb-content\"><div class=\"uagb-ifb-title-wrap\"><h3 class=\"uagb-ifb-title\">Restoration area<\/h3><\/div><\/div><\/div>\n<\/div>\n\n\n\n<div class=\"wp-block-uagb-container uagb-block-tizumdi8\">\n<div class=\"wp-block-uagb-info-box uagb-block-kpqzzhph uagb-infobox__content-wrap  uagb-infobox-icon-above-title uagb-infobox-image-valign-top\"><div class=\"uagb-ifb-content\"><div class=\"uagb-ifb-title-wrap\"><h3 class=\"uagb-ifb-title\">Home automation and management program<\/h3><\/div><\/div><\/div>\n<\/div>\n\n\n\n<div class=\"wp-block-uagb-container uagb-block-822b0574\">\n<div class=\"wp-block-uagb-info-box uagb-block-780d7345 uagb-infobox__content-wrap  uagb-infobox-icon-above-title uagb-infobox-image-valign-top\"><div class=\"uagb-ifb-content\"><div class=\"uagb-ifb-title-wrap\"><h3 class=\"uagb-ifb-title\">Start-up<\/h3><\/div><\/div><\/div>\n<\/div>\n<\/div>\n\n\n\n<div class=\"wp-block-uagb-container uagb-block-f0b08fb8 alignfull uagb-is-root-container\"><div class=\"uagb-container-inner-blocks-wrap\">\n<h3 class=\"wp-block-heading\">We help you launch your padel club from scratch<\/h3>\n\n\n\n<p>Starting a padel club is a great business opportunity, but it requires strategic planning, technical expertise, and a comprehensive vision of the sector. In our specialized padel club consultancy, we support entrepreneurs, investors, and local governments throughout all phases of the project to ensure success from day one.<\/p>\n\n\n\n<p>Our multidisciplinary team\u2014made up of architects, engineers, sports technicians, and management experts\u2014is responsible for transforming your idea into a profitable, functional padel club adapted to the latest market trends.<\/p>\n\n\n\n<h3 class=\"wp-block-heading\">Why trust our consulting services for your padel club?<\/h3>\n\n\n\n<p class=\"translation-block\">\ud83d\udd39 <strong>Environmental and technical feasibility study<\/strong><br>Before investing, we prepare a comprehensive feasibility plan, taking into account regulations, sustainability, and urban planning conditions. This is the basis for making informed decisions and avoiding surprises during development.<\/p>\n\n\n\n<p class=\"translation-block\">\ud83d\udd39 <strong>Efficient space design<\/strong><br>We advise you on the optimal space layout: number and orientation of courts, changing rooms, cafeteria or restaurant area, children's area, and common areas. Our goal is to ensure that every square meter contributes to profitability and user experience.<\/p>\n\n\n\n<p class=\"translation-block\">\ud83d\udd39 <strong>Network of specialized suppliers<\/strong><br>Thanks to our experience in the sector, we work with padel court and equipment manufacturers that offer the best value for money. We handle all the negotiations for you and oversee each installation.<\/p>\n\n\n\n<p class=\"translation-block\">\ud83d\udd39 <strong>Technology and comprehensive club management<\/strong><br>We help you digitize your club with home automation systems, access control, online booking, and management software specifically for sports centers. All designed to facilitate daily operations and improve the customer experience.<\/p>\n\n\n\n<p class=\"translation-block\">\ud83d\udd39 <strong>Startup Support<\/strong><br>From the business plan to the launch, we're with you every step of the way. We support you with partner acquisition strategies, staff training, launch campaigns, and more.<\/p>\n\n\n\n<hr class=\"wp-block-separator has-alpha-channel-opacity\"\/>\n\n\n\n<h3 class=\"wp-block-heading\">Take the first step towards your own padel club<\/h3>\n\n\n\n<p>If you have a piece of land, an idea, or simply the desire to start a business in the world of padel, we provide the experience and the tools. Contact us and we'll tell you how we can help you make your project a reality with guaranteed success.<\/p>\n\n\n\n<h3 class=\"wp-block-heading\">Projects.<\/h3>\n<\/div><\/div>\n<\/div><\/div>\n\n\n\t\t\t\t\t<div\n\t\t\t\t\t\tclass=\"wp-block-uagb-image-gallery uagb-block-12d4d26d\"\n\t\t\t\t\t\tstyle=\"\"\n\t\t\t\t\t>\n\t\t\t\t\t\t\t\t\t\t\t<div class=\"spectra-image-gallery spectra-image-gallery__layout--grid spectra-image-gallery__layout--grid-col-3 spectra-image-gallery__layout--grid-col-tab-3 spectra-image-gallery__layout--grid-col-mob-2\">\n\t\t\t\t\t\t\t\t\t\t\t<div class='spectra-image-gallery__media-wrapper' data-spectra-gallery-image-id='1136' tabindex=\"0\">\n\t\t\t\t\t\t\t<div class=\"spectra-image-gallery__media spectra-image-gallery__media--grid\">\n\t\t\t\t<picture>\n\t\t\t\t\t<source media=\"(min-width: 1024px)\" srcset=\"https:\/\/padelassistant.es\/wp-content\/uploads\/2024\/09\/imgbtn4.webp\">\n\t\t\t\t\t<source media=\"(min-width: 768px)\" srcset=\"https:\/\/padelassistant.es\/wp-content\/uploads\/2024\/09\/imgbtn4.webp\">\n\t\t\t\t\t<img decoding=\"async\" class=\"spectra-image-gallery__media-thumbnail spectra-image-gallery__media-thumbnail--grid\" src=\"https:\/\/padelassistant.es\/wp-content\/uploads\/2024\/09\/imgbtn4-300x244.webp\" alt=\"\" loading=\"lazy\" \/>\n\t\t\t\t<\/picture>\n\t\t\t\t<div class=\"spectra-image-gallery__media-thumbnail-blurrer\"><\/div>\n\t\t\t\t\t\t\t\t\t\t\t<div class=\"spectra-image-gallery__media-thumbnail-caption-wrapper spectra-image-gallery__media-thumbnail-caption-wrapper--overlay\">\n\t\t\t\t\t\t\t\t\t\t\t<div class=\"spectra-image-gallery__media-thumbnail-caption spectra-image-gallery__media-thumbnail-caption--overlay\">\n\t\t\t\t\tP\u00e1del Assistant\t\t\t\t<\/div>\n\t\t\t\t\t\t\t\t\t\t<\/div>\n\t\t\t\t\t\t\t\t\t<\/div>\n\t\t\t\t\t\t<\/div>\n\t\t\t\t\t\t<div class='spectra-image-gallery__media-wrapper' data-spectra-gallery-image-id='1135' tabindex=\"0\">\n\t\t\t\t\t\t\t<div class=\"spectra-image-gallery__media spectra-image-gallery__media--grid\">\n\t\t\t\t<picture>\n\t\t\t\t\t<source media=\"(min-width: 1024px)\" srcset=\"https:\/\/padelassistant.es\/wp-content\/uploads\/2024\/09\/imgbtn1.webp\">\n\t\t\t\t\t<source media=\"(min-width: 768px)\" srcset=\"https:\/\/padelassistant.es\/wp-content\/uploads\/2024\/09\/imgbtn1.webp\">\n\t\t\t\t\t<img decoding=\"async\" class=\"spectra-image-gallery__media-thumbnail spectra-image-gallery__media-thumbnail--grid\" src=\"https:\/\/padelassistant.es\/wp-content\/uploads\/2024\/09\/imgbtn1-300x225.webp\" alt=\"\" loading=\"lazy\" \/>\n\t\t\t\t<\/picture>\n\t\t\t\t<div class=\"spectra-image-gallery__media-thumbnail-blurrer\"><\/div>\n\t\t\t\t\t\t\t\t\t\t\t<div class=\"spectra-image-gallery__media-thumbnail-caption-wrapper spectra-image-gallery__media-thumbnail-caption-wrapper--overlay\">\n\t\t\t\t\t\t\t\t\t\t\t<div class=\"spectra-image-gallery__media-thumbnail-caption spectra-image-gallery__media-thumbnail-caption--overlay\">\n\t\t\t\t\tP\u00e1del Assistant\t\t\t\t<\/div>\n\t\t\t\t\t\t\t\t\t\t<\/div>\n\t\t\t\t\t\t\t\t\t<\/div>\n\t\t\t\t\t\t<\/div>\n\t\t\t\t\t\t<div class='spectra-image-gallery__media-wrapper' data-spectra-gallery-image-id='1133' tabindex=\"0\">\n\t\t\t\t\t\t\t<div class=\"spectra-image-gallery__media spectra-image-gallery__media--grid\">\n\t\t\t\t<picture>\n\t\t\t\t\t<source media=\"(min-width: 1024px)\" srcset=\"https:\/\/padelassistant.es\/wp-content\/uploads\/2024\/09\/Imagen-de-WhatsApp-2024-09-02-a-las-09.45.31_9c6fbe84-1024x768.jpg\">\n\t\t\t\t\t<source media=\"(min-width: 768px)\" srcset=\"https:\/\/padelassistant.es\/wp-content\/uploads\/2024\/09\/Imagen-de-WhatsApp-2024-09-02-a-las-09.45.31_9c6fbe84-1024x768.jpg\">\n\t\t\t\t\t<img decoding=\"async\" class=\"spectra-image-gallery__media-thumbnail spectra-image-gallery__media-thumbnail--grid\" src=\"https:\/\/padelassistant.es\/wp-content\/uploads\/2024\/09\/Imagen-de-WhatsApp-2024-09-02-a-las-09.45.31_9c6fbe84-300x225.jpg\" alt=\"\" loading=\"lazy\" \/>\n\t\t\t\t<\/picture>\n\t\t\t\t<div class=\"spectra-image-gallery__media-thumbnail-blurrer\"><\/div>\n\t\t\t\t\t\t\t\t\t\t\t<div class=\"spectra-image-gallery__media-thumbnail-caption-wrapper spectra-image-gallery__media-thumbnail-caption-wrapper--overlay\">\n\t\t\t\t\t\t\t\t\t\t\t<div class=\"spectra-image-gallery__media-thumbnail-caption spectra-image-gallery__media-thumbnail-caption--overlay\">\n\t\t\t\t\tP\u00e1del Assistant\t\t\t\t<\/div>\n\t\t\t\t\t\t\t\t\t\t<\/div>\n\t\t\t\t\t\t\t\t\t<\/div>\n\t\t\t\t\t\t<\/div>\n\t\t\t\t\t\t<div class='spectra-image-gallery__media-wrapper' data-spectra-gallery-image-id='1132' tabindex=\"0\">\n\t\t\t\t\t\t\t<div class=\"spectra-image-gallery__media spectra-image-gallery__media--grid\">\n\t\t\t\t<picture>\n\t\t\t\t\t<source media=\"(min-width: 1024px)\" srcset=\"https:\/\/padelassistant.es\/wp-content\/uploads\/2024\/09\/Imagen-de-WhatsApp-2024-09-02-a-las-09.45.31_7d6a592d-768x1024.jpg\">\n\t\t\t\t\t<source media=\"(min-width: 768px)\" srcset=\"https:\/\/padelassistant.es\/wp-content\/uploads\/2024\/09\/Imagen-de-WhatsApp-2024-09-02-a-las-09.45.31_7d6a592d-768x1024.jpg\">\n\t\t\t\t\t<img decoding=\"async\" class=\"spectra-image-gallery__media-thumbnail spectra-image-gallery__media-thumbnail--grid\" src=\"https:\/\/padelassistant.es\/wp-content\/uploads\/2024\/09\/Imagen-de-WhatsApp-2024-09-02-a-las-09.45.31_7d6a592d-225x300.jpg\" alt=\"\" loading=\"lazy\" \/>\n\t\t\t\t<\/picture>\n\t\t\t\t<div class=\"spectra-image-gallery__media-thumbnail-blurrer\"><\/div>\n\t\t\t\t\t\t\t\t\t\t\t<div class=\"spectra-image-gallery__media-thumbnail-caption-wrapper spectra-image-gallery__media-thumbnail-caption-wrapper--overlay\">\n\t\t\t\t\t\t\t\t\t\t\t<div class=\"spectra-image-gallery__media-thumbnail-caption spectra-image-gallery__media-thumbnail-caption--overlay\">\n\t\t\t\t\tP\u00e1del Assistant\t\t\t\t<\/div>\n\t\t\t\t\t\t\t\t\t\t<\/div>\n\t\t\t\t\t\t\t\t\t<\/div>\n\t\t\t\t\t\t<\/div>\n\t\t\t\t\t\t<div class='spectra-image-gallery__media-wrapper' data-spectra-gallery-image-id='1131' tabindex=\"0\">\n\t\t\t\t\t\t\t<div class=\"spectra-image-gallery__media spectra-image-gallery__media--grid\">\n\t\t\t\t<picture>\n\t\t\t\t\t<source media=\"(min-width: 1024px)\" srcset=\"https:\/\/padelassistant.es\/wp-content\/uploads\/2024\/09\/Imagen-de-WhatsApp-2024-09-02-a-las-09.45.31_05cbc9a3-1024x768.jpg\">\n\t\t\t\t\t<source media=\"(min-width: 768px)\" srcset=\"https:\/\/padelassistant.es\/wp-content\/uploads\/2024\/09\/Imagen-de-WhatsApp-2024-09-02-a-las-09.45.31_05cbc9a3-1024x768.jpg\">\n\t\t\t\t\t<img decoding=\"async\" class=\"spectra-image-gallery__media-thumbnail spectra-image-gallery__media-thumbnail--grid\" src=\"https:\/\/padelassistant.es\/wp-content\/uploads\/2024\/09\/Imagen-de-WhatsApp-2024-09-02-a-las-09.45.31_05cbc9a3-300x225.jpg\" alt=\"\" loading=\"lazy\" \/>\n\t\t\t\t<\/picture>\n\t\t\t\t<div class=\"spectra-image-gallery__media-thumbnail-blurrer\"><\/div>\n\t\t\t\t\t\t\t\t\t\t\t<div class=\"spectra-image-gallery__media-thumbnail-caption-wrapper spectra-image-gallery__media-thumbnail-caption-wrapper--overlay\">\n\t\t\t\t\t\t\t\t\t\t\t<div class=\"spectra-image-gallery__media-thumbnail-caption spectra-image-gallery__media-thumbnail-caption--overlay\">\n\t\t\t\t\tP\u00e1del Assistant\t\t\t\t<\/div>\n\t\t\t\t\t\t\t\t\t\t<\/div>\n\t\t\t\t\t\t\t\t\t<\/div>\n\t\t\t\t\t\t<\/div>\n\t\t\t\t\t\t\t\t\t\t<\/div>\n\t\t\t\t\t\t\t\t\t\t\t\t\t\t\t\t\t\t<\/div>","protected":false},"excerpt":{"rendered":"<p>Te ayudamos a lanzar tu club de p\u00e1del desde cero Montar un club de p\u00e1del es una gran oportunidad de negocio, pero requiere una planificaci\u00f3n estrat\u00e9gica, experiencia t\u00e9cnica y una visi\u00f3n global del sector. En nuestra consultor\u00eda especializada en clubes de p\u00e1del, acompa\u00f1amos a emprendedores, inversores y ayuntamientos durante todas las fases del proyecto para [&hellip;]<\/p>","protected":false},"author":1,"featured_media":0,"parent":0,"menu_order":0,"comment_status":"closed","ping_status":"closed","template":"","meta":{"_uag_custom_page_level_css":"","site-sidebar-layout":"default","site-content-layout":"","ast-site-content-layout":"default","site-content-style":"default","site-sidebar-style":"default","ast-global-header-display":"","ast-banner-title-visibility":"","ast-main-header-display":"","ast-hfb-above-header-display":"","ast-hfb-below-header-display":"","ast-hfb-mobile-header-display":"","site-post-title":"disabled","ast-breadcrumbs-content":"","ast-featured-img":"","footer-sml-layout":"","theme-transparent-header-meta":"enabled","adv-header-id-meta":"","stick-header-meta":"","header-above-stick-meta":"","header-main-stick-meta":"","header-below-stick-meta":"","astra-migrate-meta-layouts":"set","ast-page-background-enabled":"default","ast-page-background-meta":{"desktop":{"background-color":"var(--ast-global-color-4)","background-image":"","background-repeat":"repeat","background-position":"center center","background-size":"auto","background-attachment":"scroll","background-type":"","background-media":"","overlay-type":"","overlay-color":"","overlay-opacity":"","overlay-gradient":""},"tablet":{"background-color":"","background-image":"","background-repeat":"repeat","background-position":"center center","background-size":"auto","background-attachment":"scroll","background-type":"","background-media":"","overlay-type":"","overlay-color":"","overlay-opacity":"","overlay-gradient":""},"mobile":{"background-color":"","background-image":"","background-repeat":"repeat","background-position":"center center","background-size":"auto","background-attachment":"scroll","background-type":"","background-media":"","overlay-type":"","overlay-color":"","overlay-opacity":"","overlay-gradient":""}},"ast-content-background-meta":{"desktop":{"background-color":"var(--ast-global-color-5)","background-image":"","background-repeat":"repeat","background-position":"center center","background-size":"auto","background-attachment":"scroll","background-type":"","background-media":"","overlay-type":"","overlay-color":"","overlay-opacity":"","overlay-gradient":""},"tablet":{"background-color":"var(--ast-global-color-5)","background-image":"","background-repeat":"repeat","background-position":"center center","background-size":"auto","background-attachment":"scroll","background-type":"","background-media":"","overlay-type":"","overlay-color":"","overlay-opacity":"","overlay-gradient":""},"mobile":{"background-color":"var(--ast-global-color-5)","background-image":"","background-repeat":"repeat","background-position":"center center","background-size":"auto","background-attachment":"scroll","background-type":"","background-media":"","overlay-type":"","overlay-color":"","overlay-opacity":"","overlay-gradient":""}},"footnotes":""},"class_list":["post-1181","page","type-page","status-publish","hentry"],"yoast_head":"<!-- This site is optimized with the Yoast SEO plugin v25.5 - https:\/\/yoast.com\/wordpress\/plugins\/seo\/ -->\n<title>\u00bfQuieres montar tu club? - Padel Assistant<\/title>\n<meta name=\"robots\" content=\"index, follow, max-snippet:-1, max-image-preview:large, max-video-preview:-1\" \/>\n<link rel=\"canonical\" href=\"https:\/\/padelassistant.es\/en\/quieres-montar-tu-club\/\" \/>\n<meta property=\"og:locale\" content=\"en_GB\" \/>\n<meta property=\"og:type\" content=\"article\" \/>\n<meta property=\"og:title\" content=\"\u00bfQuieres montar tu club? - Padel Assistant\" \/>\n<meta property=\"og:description\" content=\"Te ayudamos a lanzar tu club de p\u00e1del desde cero Montar un club de p\u00e1del es una gran oportunidad de negocio, pero requiere una planificaci\u00f3n estrat\u00e9gica, experiencia t\u00e9cnica y una visi\u00f3n global del sector. En nuestra consultor\u00eda especializada en clubes de p\u00e1del, acompa\u00f1amos a emprendedores, inversores y ayuntamientos durante todas las fases del proyecto para [&hellip;]\" \/>\n<meta property=\"og:url\" content=\"https:\/\/padelassistant.es\/en\/quieres-montar-tu-club\/\" \/>\n<meta property=\"og:site_name\" content=\"Padel Assistant\" \/>\n<meta property=\"article:modified_time\" content=\"2025-05-09T10:35:54+00:00\" \/>\n<meta name=\"twitter:card\" content=\"summary_large_image\" \/>\n<meta name=\"twitter:label1\" content=\"Estimated reading time\" \/>\n\t<meta name=\"twitter:data1\" content=\"2 minutes\" \/>\n<script type=\"application\/ld+json\" class=\"yoast-schema-graph\">{\"@context\":\"https:\/\/schema.org\",\"@graph\":[{\"@type\":\"WebPage\",\"@id\":\"https:\/\/padelassistant.es\/quieres-montar-tu-club\/\",\"url\":\"https:\/\/padelassistant.es\/quieres-montar-tu-club\/\",\"name\":\"\u00bfQuieres montar tu club? - Padel Assistant\",\"isPartOf\":{\"@id\":\"https:\/\/padelassistant.es\/#website\"},\"datePublished\":\"2024-10-25T17:00:43+00:00\",\"dateModified\":\"2025-05-09T10:35:54+00:00\",\"breadcrumb\":{\"@id\":\"https:\/\/padelassistant.es\/quieres-montar-tu-club\/#breadcrumb\"},\"inLanguage\":\"en-GB\",\"potentialAction\":[{\"@type\":\"ReadAction\",\"target\":[\"https:\/\/padelassistant.es\/quieres-montar-tu-club\/\"]}]},{\"@type\":\"BreadcrumbList\",\"@id\":\"https:\/\/padelassistant.es\/quieres-montar-tu-club\/#breadcrumb\",\"itemListElement\":[{\"@type\":\"ListItem\",\"position\":1,\"name\":\"Portada\",\"item\":\"https:\/\/padelassistant.es\/\"},{\"@type\":\"ListItem\",\"position\":2,\"name\":\"\u00bfQuieres montar tu club?\"}]},{\"@type\":\"WebSite\",\"@id\":\"https:\/\/padelassistant.es\/#website\",\"url\":\"https:\/\/padelassistant.es\/\",\"name\":\"Padel Assistant\",\"description\":\"\",\"publisher\":{\"@id\":\"https:\/\/padelassistant.es\/#organization\"},\"potentialAction\":[{\"@type\":\"SearchAction\",\"target\":{\"@type\":\"EntryPoint\",\"urlTemplate\":\"https:\/\/padelassistant.es\/?s={search_term_string}\"},\"query-input\":{\"@type\":\"PropertyValueSpecification\",\"valueRequired\":true,\"valueName\":\"search_term_string\"}}],\"inLanguage\":\"en-GB\"},{\"@type\":\"Organization\",\"@id\":\"https:\/\/padelassistant.es\/#organization\",\"name\":\"Padel Assistant\",\"url\":\"https:\/\/padelassistant.es\/\",\"logo\":{\"@type\":\"ImageObject\",\"inLanguage\":\"en-GB\",\"@id\":\"https:\/\/padelassistant.es\/#\/schema\/logo\/image\/\",\"url\":\"https:\/\/padelassistant.es\/wp-content\/uploads\/2024\/10\/logo.png\",\"contentUrl\":\"https:\/\/padelassistant.es\/wp-content\/uploads\/2024\/10\/logo.png\",\"width\":400,\"height\":98,\"caption\":\"Padel Assistant\"},\"image\":{\"@id\":\"https:\/\/padelassistant.es\/#\/schema\/logo\/image\/\"}}]}<\/script>\n<!-- \/ Yoast SEO plugin. -->","yoast_head_json":{"title":"\u00bfQuieres montar tu club? - Padel Assistant","robots":{"index":"index","follow":"follow","max-snippet":"max-snippet:-1","max-image-preview":"max-image-preview:large","max-video-preview":"max-video-preview:-1"},"canonical":"https:\/\/padelassistant.es\/en\/quieres-montar-tu-club\/","og_locale":"en_GB","og_type":"article","og_title":"\u00bfQuieres montar tu club? - Padel Assistant","og_description":"Te ayudamos a lanzar tu club de p\u00e1del desde cero Montar un club de p\u00e1del es una gran oportunidad de negocio, pero requiere una planificaci\u00f3n estrat\u00e9gica, experiencia t\u00e9cnica y una visi\u00f3n global del sector. En nuestra consultor\u00eda especializada en clubes de p\u00e1del, acompa\u00f1amos a emprendedores, inversores y ayuntamientos durante todas las fases del proyecto para [&hellip;]","og_url":"https:\/\/padelassistant.es\/en\/quieres-montar-tu-club\/","og_site_name":"Padel Assistant","article_modified_time":"2025-05-09T10:35:54+00:00","twitter_card":"summary_large_image","twitter_misc":{"Estimated reading time":"2 minutes"},"schema":{"@context":"https:\/\/schema.org","@graph":[{"@type":"WebPage","@id":"https:\/\/padelassistant.es\/quieres-montar-tu-club\/","url":"https:\/\/padelassistant.es\/quieres-montar-tu-club\/","name":"\u00bfQuieres montar tu club? - Padel Assistant","isPartOf":{"@id":"https:\/\/padelassistant.es\/#website"},"datePublished":"2024-10-25T17:00:43+00:00","dateModified":"2025-05-09T10:35:54+00:00","breadcrumb":{"@id":"https:\/\/padelassistant.es\/quieres-montar-tu-club\/#breadcrumb"},"inLanguage":"en-GB","potentialAction":[{"@type":"ReadAction","target":["https:\/\/padelassistant.es\/quieres-montar-tu-club\/"]}]},{"@type":"BreadcrumbList","@id":"https:\/\/padelassistant.es\/quieres-montar-tu-club\/#breadcrumb","itemListElement":[{"@type":"ListItem","position":1,"name":"Portada","item":"https:\/\/padelassistant.es\/"},{"@type":"ListItem","position":2,"name":"\u00bfQuieres montar tu club?"}]},{"@type":"WebSite","@id":"https:\/\/padelassistant.es\/#website","url":"https:\/\/padelassistant.es\/","name":"Padel Assistant","description":"","publisher":{"@id":"https:\/\/padelassistant.es\/#organization"},"potentialAction":[{"@type":"SearchAction","target":{"@type":"EntryPoint","urlTemplate":"https:\/\/padelassistant.es\/?s={search_term_string}"},"query-input":{"@type":"PropertyValueSpecification","valueRequired":true,"valueName":"search_term_string"}}],"inLanguage":"en-GB"},{"@type":"Organization","@id":"https:\/\/padelassistant.es\/#organization","name":"Padel Assistant","url":"https:\/\/padelassistant.es\/","logo":{"@type":"ImageObject","inLanguage":"en-GB","@id":"https:\/\/padelassistant.es\/#\/schema\/logo\/image\/","url":"https:\/\/padelassistant.es\/wp-content\/uploads\/2024\/10\/logo.png","contentUrl":"https:\/\/padelassistant.es\/wp-content\/uploads\/2024\/10\/logo.png","width":400,"height":98,"caption":"Padel Assistant"},"image":{"@id":"https:\/\/padelassistant.es\/#\/schema\/logo\/image\/"}}]}},"uagb_featured_image_src":{"full":false,"thumbnail":false,"medium":false,"medium_large":false,"large":false,"1536x1536":false,"2048x2048":false,"trp-custom-language-flag":false},"uagb_author_info":{"display_name":"","author_link":"https:\/\/padelassistant.es\/en\/author\/"},"uagb_comment_info":0,"uagb_excerpt":"Te ayudamos a lanzar tu club de p\u00e1del desde cero Montar un club de p\u00e1del es una gran oportunidad de negocio, pero requiere una planificaci\u00f3n estrat\u00e9gica, experiencia t\u00e9cnica y una visi\u00f3n global del sector. En nuestra consultor\u00eda especializada en clubes de p\u00e1del, acompa\u00f1amos a emprendedores, inversores y ayuntamientos durante todas las fases del proyecto para&hellip;","_links":{"self":[{"href":"https:\/\/padelassistant.es\/en\/wp-json\/wp\/v2\/pages\/1181","targetHints":{"allow":["GET"]}}],"collection":[{"href":"https:\/\/padelassistant.es\/en\/wp-json\/wp\/v2\/pages"}],"about":[{"href":"https:\/\/padelassistant.es\/en\/wp-json\/wp\/v2\/types\/page"}],"author":[{"embeddable":true,"href":"https:\/\/padelassistant.es\/en\/wp-json\/wp\/v2\/users\/1"}],"replies":[{"embeddable":true,"href":"https:\/\/padelassistant.es\/en\/wp-json\/wp\/v2\/comments?post=1181"}],"version-history":[{"count":9,"href":"https:\/\/padelassistant.es\/en\/wp-json\/wp\/v2\/pages\/1181\/revisions"}],"predecessor-version":[{"id":1296,"href":"https:\/\/padelassistant.es\/en\/wp-json\/wp\/v2\/pages\/1181\/revisions\/1296"}],"wp:attachment":[{"href":"https:\/\/padelassistant.es\/en\/wp-json\/wp\/v2\/media?parent=1181"}],"curies":[{"name":"wp","href":"https:\/\/api.w.org\/{rel}","templated":true}]}}